{"id":34,"date":"2020-02-17T22:14:13","date_gmt":"2020-02-17T21:14:13","guid":{"rendered":"http:\/\/biosphere85.com\/?page_id=34"},"modified":"2024-10-29T16:33:14","modified_gmt":"2024-10-29T15:33:14","slug":"portefolio","status":"publish","type":"page","link":"https:\/\/biosphere85.com\/index.php\/portefolio\/","title":{"rendered":"Portefolio"},"content":{"rendered":"\n<h3 class=\"wp-block-heading has-brown-color has-text-color\">Vous trouverez ici quelques avant\/apr\u00e8s :<\/h3>\n\n\n\n<p class=\"has-text-color\" style=\"color:#5e5b5b\"><em>(cette galerie sera r\u00e9guli\u00e8rement mise \u00e0 jour, n\u2019h\u00e9sitez pas \u00e0 venir la consulter de temps en temps pour d\u00e9couvrir nos nouveaux chantiers.<\/em><\/p>\n\n\n\n<p class=\"has-text-color\" style=\"color:#5e5b5b\"><\/p>\n\n\n\n<figure class=\"wp-block-jetpack-image-compare\"><div class=\"juxtapose\" data-mode=\"horizontal\"><img loading=\"lazy\" decoding=\"async\" id=\"1254\" src=\"https:\/\/biosphere85.com\/wp-content\/uploads\/2024\/10\/avant-audrey-2.jpeg\" alt=\"\" width=\"1125\" height=\"703\" class=\"image-compare__image-before\"\/><img loading=\"lazy\" decoding=\"async\" id=\"1205\" src=\"https:\/\/i2.wp.com\/biosphere85.com\/wp-content\/uploads\/2024\/09\/sables6.jpg?ssl=1\" alt=\"\" width=\"960\" height=\"720\" class=\"image-compare__image-after\"\/><\/div><figcaption>Cr\u00e9ation d&rsquo;un jardin vivant<\/figcaption><\/figure>\n\n\n\n<figure class=\"wp-block-jetpack-image-compare\"><div class=\"juxtapose\" data-mode=\"horizontal\"><img loading=\"lazy\" decoding=\"async\" id=\"1233\" src=\"https:\/\/i0.wp.com\/biosphere85.com\/wp-content\/uploads\/2024\/09\/MAIS-AVANT.jpg?ssl=1\" alt=\"\" width=\"1482\" height=\"756\" class=\"image-compare__image-before\"\/><img loading=\"lazy\" decoding=\"async\" id=\"1234\" src=\"https:\/\/i0.wp.com\/biosphere85.com\/wp-content\/uploads\/2024\/09\/MAIS-APRES.jpg?ssl=1\" alt=\"\" width=\"2048\" height=\"1177\" class=\"image-compare__image-after\"\/><\/div><\/figure>\n\n\n\n<figure class=\"wp-block-gallery has-nested-images columns-default is-cropped wp-block-gallery-1 is-layout-flex wp-block-gallery-is-layout-flex\">\n<figure class=\"wp-block-image size-large\"><img loading=\"lazy\" decoding=\"async\" width=\"615\" height=\"820\" data-id=\"380\" src=\"https:\/\/biosphere85.com\/wp-content\/uploads\/2020\/09\/angles-avant.jpg\" alt=\"\" class=\"wp-image-380\" srcset=\"https:\/\/biosphere85.com\/wp-content\/uploads\/2020\/09\/angles-avant.jpg 615w, https:\/\/biosphere85.com\/wp-content\/uploads\/2020\/09\/angles-avant-225x300.jpg 225w, https:\/\/biosphere85.com\/wp-content\/uploads\/2020\/09\/angles-avant-500x667.jpg 500w\" sizes=\"(max-width: 615px) 100vw, 615px\" \/><\/figure>\n\n\n\n<figure class=\"wp-block-image size-large\"><img loading=\"lazy\" decoding=\"async\" width=\"720\" height=\"960\" data-id=\"381\" src=\"https:\/\/biosphere85.com\/wp-content\/uploads\/2020\/09\/massif-angles.jpg\" alt=\"\" class=\"wp-image-381\" srcset=\"https:\/\/biosphere85.com\/wp-content\/uploads\/2020\/09\/massif-angles.jpg 720w, https:\/\/biosphere85.com\/wp-content\/uploads\/2020\/09\/massif-angles-225x300.jpg 225w, https:\/\/biosphere85.com\/wp-content\/uploads\/2020\/09\/massif-angles-500x667.jpg 500w\" sizes=\"(max-width: 720px) 100vw, 720px\" \/><\/figure>\n<figcaption class=\"blocks-gallery-caption wp-element-caption\"><strong>Am\u00e9nagement d&rsquo;un jardin<\/strong><\/figcaption><\/figure>\n\n\n\n<figure class=\"wp-block-gallery has-nested-images columns-default is-cropped wp-block-gallery-2 is-layout-flex wp-block-gallery-is-layout-flex\">\n<figure class=\"wp-block-image size-large\"><img loading=\"lazy\" decoding=\"async\" width=\"960\" height=\"540\" data-id=\"382\" src=\"https:\/\/biosphere85.com\/wp-content\/uploads\/2020\/09\/la-chaize-avant.jpg\" alt=\"\" class=\"wp-image-382\" srcset=\"https:\/\/biosphere85.com\/wp-content\/uploads\/2020\/09\/la-chaize-avant.jpg 960w, https:\/\/biosphere85.com\/wp-content\/uploads\/2020\/09\/la-chaize-avant-300x169.jpg 300w, https:\/\/biosphere85.com\/wp-content\/uploads\/2020\/09\/la-chaize-avant-768x432.jpg 768w, https:\/\/biosphere85.com\/wp-content\/uploads\/2020\/09\/la-chaize-avant-940x529.jpg 940w, https:\/\/biosphere85.com\/wp-content\/uploads\/2020\/09\/la-chaize-avant-500x281.jpg 500w\" sizes=\"(max-width: 960px) 100vw, 960px\" \/><\/figure>\n\n\n\n<figure class=\"wp-block-image size-large\"><img loading=\"lazy\" decoding=\"async\" width=\"960\" height=\"540\" data-id=\"383\" src=\"https:\/\/biosphere85.com\/wp-content\/uploads\/2020\/09\/creation-chaize2.jpg\" alt=\"\" class=\"wp-image-383\" srcset=\"https:\/\/biosphere85.com\/wp-content\/uploads\/2020\/09\/creation-chaize2.jpg 960w, https:\/\/biosphere85.com\/wp-content\/uploads\/2020\/09\/creation-chaize2-300x169.jpg 300w, https:\/\/biosphere85.com\/wp-content\/uploads\/2020\/09\/creation-chaize2-768x432.jpg 768w, https:\/\/biosphere85.com\/wp-content\/uploads\/2020\/09\/creation-chaize2-940x529.jpg 940w, https:\/\/biosphere85.com\/wp-content\/uploads\/2020\/09\/creation-chaize2-500x281.jpg 500w\" sizes=\"(max-width: 960px) 100vw, 960px\" \/><\/figure>\n<figcaption class=\"blocks-gallery-caption wp-element-caption\"><strong>Embellissement d&rsquo;un massif existant<\/strong><\/figcaption><\/figure>\n\n\n\n<figure class=\"wp-block-gallery has-nested-images columns-default is-cropped wp-block-gallery-3 is-layout-flex wp-block-gallery-is-layout-flex\">\n<figure class=\"wp-block-image size-large\"><img loading=\"lazy\" decoding=\"async\" width=\"960\" height=\"542\" data-id=\"384\" src=\"https:\/\/biosphere85.com\/wp-content\/uploads\/2020\/09\/nesmy-avant.jpg\" alt=\"\" class=\"wp-image-384\" srcset=\"https:\/\/biosphere85.com\/wp-content\/uploads\/2020\/09\/nesmy-avant.jpg 960w, https:\/\/biosphere85.com\/wp-content\/uploads\/2020\/09\/nesmy-avant-300x169.jpg 300w, https:\/\/biosphere85.com\/wp-content\/uploads\/2020\/09\/nesmy-avant-768x434.jpg 768w, https:\/\/biosphere85.com\/wp-content\/uploads\/2020\/09\/nesmy-avant-940x531.jpg 940w, https:\/\/biosphere85.com\/wp-content\/uploads\/2020\/09\/nesmy-avant-500x282.jpg 500w\" sizes=\"(max-width: 960px) 100vw, 960px\" \/><\/figure>\n\n\n\n<figure class=\"wp-block-image size-large\"><img loading=\"lazy\" decoding=\"async\" width=\"1024\" height=\"576\" data-id=\"385\" src=\"https:\/\/biosphere85.com\/wp-content\/uploads\/2020\/09\/nesmy2-1024x576.jpg\" alt=\"\" class=\"wp-image-385\" srcset=\"https:\/\/biosphere85.com\/wp-content\/uploads\/2020\/09\/nesmy2-1024x576.jpg 1024w, https:\/\/biosphere85.com\/wp-content\/uploads\/2020\/09\/nesmy2-300x169.jpg 300w, https:\/\/biosphere85.com\/wp-content\/uploads\/2020\/09\/nesmy2-768x432.jpg 768w, https:\/\/biosphere85.com\/wp-content\/uploads\/2020\/09\/nesmy2-940x529.jpg 940w, https:\/\/biosphere85.com\/wp-content\/uploads\/2020\/09\/nesmy2-500x281.jpg 500w, https:\/\/biosphere85.com\/wp-content\/uploads\/2020\/09\/nesmy2.jpg 1280w\" sizes=\"(max-width: 1024px) 100vw, 1024px\" \/><\/figure>\n<figcaption class=\"blocks-gallery-caption wp-element-caption\"><strong>Cr\u00e9ation totale d&rsquo;un devant de maison<\/strong><\/figcaption><\/figure>\n\n\n\n<figure class=\"wp-block-gallery has-nested-images columns-default is-cropped wp-block-gallery-4 is-layout-flex wp-block-gallery-is-layout-flex\">\n<figure class=\"wp-block-image size-large\"><img loading=\"lazy\" decoding=\"async\" width=\"510\" height=\"1024\" data-id=\"386\" src=\"https:\/\/biosphere85.com\/wp-content\/uploads\/2020\/09\/tombe-avant-1-510x1024.jpg\" alt=\"\" class=\"wp-image-386\" srcset=\"https:\/\/biosphere85.com\/wp-content\/uploads\/2020\/09\/tombe-avant-1-510x1024.jpg 510w, https:\/\/biosphere85.com\/wp-content\/uploads\/2020\/09\/tombe-avant-1-149x300.jpg 149w, https:\/\/biosphere85.com\/wp-content\/uploads\/2020\/09\/tombe-avant-1-500x1005.jpg 500w, https:\/\/biosphere85.com\/wp-content\/uploads\/2020\/09\/tombe-avant-1.jpg 640w\" sizes=\"(max-width: 510px) 100vw, 510px\" \/><\/figure>\n\n\n\n<figure class=\"wp-block-image size-large\"><img loading=\"lazy\" decoding=\"async\" width=\"583\" height=\"960\" data-id=\"387\" src=\"https:\/\/biosphere85.com\/wp-content\/uploads\/2020\/09\/tombe-apres-1.jpg\" alt=\"\" class=\"wp-image-387\" srcset=\"https:\/\/biosphere85.com\/wp-content\/uploads\/2020\/09\/tombe-apres-1.jpg 583w, https:\/\/biosphere85.com\/wp-content\/uploads\/2020\/09\/tombe-apres-1-182x300.jpg 182w, https:\/\/biosphere85.com\/wp-content\/uploads\/2020\/09\/tombe-apres-1-500x823.jpg 500w\" sizes=\"(max-width: 583px) 100vw, 583px\" \/><\/figure>\n<figcaption class=\"blocks-gallery-caption wp-element-caption\"><strong>Entourage b\u00e9ton d&rsquo;une tombe<\/strong><\/figcaption><\/figure>\n\n\n\n<figure class=\"wp-block-gallery has-nested-images columns-default is-cropped wp-block-gallery-5 is-layout-flex wp-block-gallery-is-layout-flex\">\n<figure class=\"wp-block-image size-large\"><img loading=\"lazy\" decoding=\"async\" width=\"820\" height=\"615\" data-id=\"389\" src=\"https:\/\/biosphere85.com\/wp-content\/uploads\/2020\/09\/lrsy-apre-1.jpg\" alt=\"\" class=\"wp-image-389\" srcset=\"https:\/\/biosphere85.com\/wp-content\/uploads\/2020\/09\/lrsy-apre-1.jpg 820w, https:\/\/biosphere85.com\/wp-content\/uploads\/2020\/09\/lrsy-apre-1-300x225.jpg 300w, https:\/\/biosphere85.com\/wp-content\/uploads\/2020\/09\/lrsy-apre-1-768x576.jpg 768w, https:\/\/biosphere85.com\/wp-content\/uploads\/2020\/09\/lrsy-apre-1-500x375.jpg 500w\" sizes=\"(max-width: 820px) 100vw, 820px\" \/><\/figure>\n\n\n\n<figure class=\"wp-block-image size-large\"><img loading=\"lazy\" decoding=\"async\" width=\"720\" height=\"960\" data-id=\"395\" src=\"https:\/\/biosphere85.com\/wp-content\/uploads\/2020\/09\/rsy-av-apr.jpg\" alt=\"\" class=\"wp-image-395\" srcset=\"https:\/\/biosphere85.com\/wp-content\/uploads\/2020\/09\/rsy-av-apr.jpg 720w, https:\/\/biosphere85.com\/wp-content\/uploads\/2020\/09\/rsy-av-apr-225x300.jpg 225w, https:\/\/biosphere85.com\/wp-content\/uploads\/2020\/09\/rsy-av-apr-500x667.jpg 500w\" sizes=\"(max-width: 720px) 100vw, 720px\" \/><\/figure>\n<figcaption class=\"blocks-gallery-caption wp-element-caption\"><strong>Cr\u00e9ation totale d&rsquo;un jardin naturel en ville<\/strong><\/figcaption><\/figure>\n\n\n\n<p><\/p>\n\n\n\n<p><\/p>\n\n\n\n<figure class=\"wp-block-gallery has-nested-images columns-default is-cropped wp-block-gallery-6 is-layout-flex wp-block-gallery-is-layout-flex\"><\/figure>\n","protected":false},"excerpt":{"rendered":"<p>Vous trouverez ici quelques avant\/apr\u00e8s : (cette galerie sera r\u00e9guli\u00e8rement mise \u00e0 jour, n\u2019h\u00e9sitez pas \u00e0 venir la consulter de temps en temps pour d\u00e9couvrir&#8230;<\/p>\n","protected":false},"author":1,"featured_media":0,"parent":0,"menu_order":0,"comment_status":"closed","ping_status":"closed","template":"portfolio-masonry-grid-3-cols.php","meta":{"footnotes":""},"class_list":["post-34","page","type-page","status-publish","hentry"],"yoast_head":"<!-- This site is optimized with the Yoast SEO plugin v23.4 - https:\/\/yoast.com\/wordpress\/plugins\/seo\/ -->\n<title>Portefolio - Biosph\u00e8re85<\/title>\n<meta name=\"robots\" content=\"index, follow, max-snippet:-1, max-image-preview:large, max-video-preview:-1\" \/>\n<link rel=\"canonical\" href=\"https:\/\/biosphere85.com\/index.php\/portefolio\/\" \/>\n<meta property=\"og:locale\" content=\"fr_FR\" \/>\n<meta property=\"og:type\" content=\"article\" \/>\n<meta property=\"og:title\" content=\"Portefolio - Biosph\u00e8re85\" \/>\n<meta property=\"og:description\" content=\"Vous trouverez ici quelques avant\/apr\u00e8s : (cette galerie sera r\u00e9guli\u00e8rement mise \u00e0 jour, n\u2019h\u00e9sitez pas \u00e0 venir la consulter de temps en temps pour d\u00e9couvrir...\" \/>\n<meta property=\"og:url\" content=\"https:\/\/biosphere85.com\/index.php\/portefolio\/\" \/>\n<meta property=\"og:site_name\" content=\"Biosph\u00e8re85\" \/>\n<meta property=\"article:publisher\" content=\"https:\/\/www.facebook.com\/groups\/1144127662348049\/\" \/>\n<meta property=\"article:modified_time\" content=\"2024-10-29T15:33:14+00:00\" \/>\n<meta property=\"og:image\" content=\"https:\/\/biosphere85.com\/wp-content\/uploads\/2024\/10\/avant-audrey-2.jpeg\" \/>\n<meta name=\"twitter:card\" content=\"summary_large_image\" \/>\n<meta name=\"twitter:label1\" content=\"Dur\u00e9e de lecture estim\u00e9e\" \/>\n\t<meta name=\"twitter:data1\" content=\"4 minutes\" \/>\n<script type=\"application\/ld+json\" class=\"yoast-schema-graph\">{\"@context\":\"https:\/\/schema.org\",\"@graph\":[{\"@type\":\"WebPage\",\"@id\":\"https:\/\/biosphere85.com\/index.php\/portefolio\/\",\"url\":\"https:\/\/biosphere85.com\/index.php\/portefolio\/\",\"name\":\"Portefolio - Biosph\u00e8re85\",\"isPartOf\":{\"@id\":\"https:\/\/biosphere85.com\/#website\"},\"primaryImageOfPage\":{\"@id\":\"https:\/\/biosphere85.com\/index.php\/portefolio\/#primaryimage\"},\"image\":{\"@id\":\"https:\/\/biosphere85.com\/index.php\/portefolio\/#primaryimage\"},\"thumbnailUrl\":\"https:\/\/biosphere85.com\/wp-content\/uploads\/2024\/10\/avant-audrey-2.jpeg\",\"datePublished\":\"2020-02-17T21:14:13+00:00\",\"dateModified\":\"2024-10-29T15:33:14+00:00\",\"breadcrumb\":{\"@id\":\"https:\/\/biosphere85.com\/index.php\/portefolio\/#breadcrumb\"},\"inLanguage\":\"fr-FR\",\"potentialAction\":[{\"@type\":\"ReadAction\",\"target\":[\"https:\/\/biosphere85.com\/index.php\/portefolio\/\"]}]},{\"@type\":\"ImageObject\",\"inLanguage\":\"fr-FR\",\"@id\":\"https:\/\/biosphere85.com\/index.php\/portefolio\/#primaryimage\",\"url\":\"https:\/\/biosphere85.com\/wp-content\/uploads\/2024\/10\/avant-audrey-2.jpeg\",\"contentUrl\":\"https:\/\/biosphere85.com\/wp-content\/uploads\/2024\/10\/avant-audrey-2.jpeg\",\"width\":1125,\"height\":703},{\"@type\":\"BreadcrumbList\",\"@id\":\"https:\/\/biosphere85.com\/index.php\/portefolio\/#breadcrumb\",\"itemListElement\":[{\"@type\":\"ListItem\",\"position\":1,\"name\":\"Accueil\",\"item\":\"https:\/\/biosphere85.com\/\"},{\"@type\":\"ListItem\",\"position\":2,\"name\":\"Portefolio\"}]},{\"@type\":\"WebSite\",\"@id\":\"https:\/\/biosphere85.com\/#website\",\"url\":\"https:\/\/biosphere85.com\/\",\"name\":\"Biosph\u00e8re85\",\"description\":\"Votre Paysagiste de Vend\u00e9e\",\"potentialAction\":[{\"@type\":\"SearchAction\",\"target\":{\"@type\":\"EntryPoint\",\"urlTemplate\":\"https:\/\/biosphere85.com\/?s={search_term_string}\"},\"query-input\":{\"@type\":\"PropertyValueSpecification\",\"valueRequired\":true,\"valueName\":\"search_term_string\"}}],\"inLanguage\":\"fr-FR\"}]}<\/script>\n<!-- \/ Yoast SEO plugin. -->","yoast_head_json":{"title":"Portefolio - Biosph\u00e8re85","robots":{"index":"index","follow":"follow","max-snippet":"max-snippet:-1","max-image-preview":"max-image-preview:large","max-video-preview":"max-video-preview:-1"},"canonical":"https:\/\/biosphere85.com\/index.php\/portefolio\/","og_locale":"fr_FR","og_type":"article","og_title":"Portefolio - Biosph\u00e8re85","og_description":"Vous trouverez ici quelques avant\/apr\u00e8s : (cette galerie sera r\u00e9guli\u00e8rement mise \u00e0 jour, n\u2019h\u00e9sitez pas \u00e0 venir la consulter de temps en temps pour d\u00e9couvrir...","og_url":"https:\/\/biosphere85.com\/index.php\/portefolio\/","og_site_name":"Biosph\u00e8re85","article_publisher":"https:\/\/www.facebook.com\/groups\/1144127662348049\/","article_modified_time":"2024-10-29T15:33:14+00:00","og_image":[{"url":"https:\/\/biosphere85.com\/wp-content\/uploads\/2024\/10\/avant-audrey-2.jpeg"}],"twitter_card":"summary_large_image","twitter_misc":{"Dur\u00e9e de lecture estim\u00e9e":"4 minutes"},"schema":{"@context":"https:\/\/schema.org","@graph":[{"@type":"WebPage","@id":"https:\/\/biosphere85.com\/index.php\/portefolio\/","url":"https:\/\/biosphere85.com\/index.php\/portefolio\/","name":"Portefolio - Biosph\u00e8re85","isPartOf":{"@id":"https:\/\/biosphere85.com\/#website"},"primaryImageOfPage":{"@id":"https:\/\/biosphere85.com\/index.php\/portefolio\/#primaryimage"},"image":{"@id":"https:\/\/biosphere85.com\/index.php\/portefolio\/#primaryimage"},"thumbnailUrl":"https:\/\/biosphere85.com\/wp-content\/uploads\/2024\/10\/avant-audrey-2.jpeg","datePublished":"2020-02-17T21:14:13+00:00","dateModified":"2024-10-29T15:33:14+00:00","breadcrumb":{"@id":"https:\/\/biosphere85.com\/index.php\/portefolio\/#breadcrumb"},"inLanguage":"fr-FR","potentialAction":[{"@type":"ReadAction","target":["https:\/\/biosphere85.com\/index.php\/portefolio\/"]}]},{"@type":"ImageObject","inLanguage":"fr-FR","@id":"https:\/\/biosphere85.com\/index.php\/portefolio\/#primaryimage","url":"https:\/\/biosphere85.com\/wp-content\/uploads\/2024\/10\/avant-audrey-2.jpeg","contentUrl":"https:\/\/biosphere85.com\/wp-content\/uploads\/2024\/10\/avant-audrey-2.jpeg","width":1125,"height":703},{"@type":"BreadcrumbList","@id":"https:\/\/biosphere85.com\/index.php\/portefolio\/#breadcrumb","itemListElement":[{"@type":"ListItem","position":1,"name":"Accueil","item":"https:\/\/biosphere85.com\/"},{"@type":"ListItem","position":2,"name":"Portefolio"}]},{"@type":"WebSite","@id":"https:\/\/biosphere85.com\/#website","url":"https:\/\/biosphere85.com\/","name":"Biosph\u00e8re85","description":"Votre Paysagiste de Vend\u00e9e","potentialAction":[{"@type":"SearchAction","target":{"@type":"EntryPoint","urlTemplate":"https:\/\/biosphere85.com\/?s={search_term_string}"},"query-input":{"@type":"PropertyValueSpecification","valueRequired":true,"valueName":"search_term_string"}}],"inLanguage":"fr-FR"}]}},"jetpack_sharing_enabled":true,"_links":{"self":[{"href":"https:\/\/biosphere85.com\/index.php\/wp-json\/wp\/v2\/pages\/34"}],"collection":[{"href":"https:\/\/biosphere85.com\/index.php\/wp-json\/wp\/v2\/pages"}],"about":[{"href":"https:\/\/biosphere85.com\/index.php\/wp-json\/wp\/v2\/types\/page"}],"author":[{"embeddable":true,"href":"https:\/\/biosphere85.com\/index.php\/wp-json\/wp\/v2\/users\/1"}],"replies":[{"embeddable":true,"href":"https:\/\/biosphere85.com\/index.php\/wp-json\/wp\/v2\/comments?post=34"}],"version-history":[{"count":20,"href":"https:\/\/biosphere85.com\/index.php\/wp-json\/wp\/v2\/pages\/34\/revisions"}],"predecessor-version":[{"id":1255,"href":"https:\/\/biosphere85.com\/index.php\/wp-json\/wp\/v2\/pages\/34\/revisions\/1255"}],"wp:attachment":[{"href":"https:\/\/biosphere85.com\/index.php\/wp-json\/wp\/v2\/media?parent=34"}],"curies":[{"name":"wp","href":"https:\/\/api.w.org\/{rel}","templated":true}]}}