{"id":62,"date":"2020-03-08T13:44:27","date_gmt":"2020-03-08T12:44:27","guid":{"rendered":"http:\/\/biosphere85.com\/?page_id=62"},"modified":"2020-09-05T00:37:36","modified_gmt":"2020-09-04T22:37:36","slug":"entretiens","status":"publish","type":"page","link":"https:\/\/biosphere85.com\/index.php\/entretiens\/","title":{"rendered":"Entretiens"},"content":{"rendered":"\n<p>Nous proposons diff\u00e9rentes prestations. N&rsquo;h\u00e9sitez pas \u00e0 prendre contact par t\u00e9l\u00e9phone ou directement via la <a rel=\"noreferrer noopener\" aria-label=\"page de contact (s\u2019ouvre dans un nouvel onglet)\" href=\"http:\/\/biosphere85.com\/index.php\/contact\/\" target=\"_blank\">page de contact<\/a> ( en joignant des photos si possible) afin d&rsquo;obtenir un <strong>devis gratuit<\/strong>.<\/p>\n\n\n\n<div class=\"wp-block-group\"><div class=\"wp-block-group__inner-container is-layout-flow wp-block-group-is-layout-flow\">\n<figure class=\"wp-block-gallery columns-4 is-cropped wp-block-gallery-1 is-layout-flex wp-block-gallery-is-layout-flex\"><ul class=\"blocks-gallery-grid\"><li class=\"blocks-gallery-item\"><figure><img loading=\"lazy\" decoding=\"async\" width=\"623\" height=\"1024\" src=\"http:\/\/biosphere85.com\/wp-content\/uploads\/2020\/06\/debrouiss1-623x1024.jpg\" alt=\"\" data-id=\"165\" data-link=\"http:\/\/biosphere85.com\/debrouiss1-2\/\" class=\"wp-image-165\" srcset=\"https:\/\/biosphere85.com\/wp-content\/uploads\/2020\/06\/debrouiss1-623x1024.jpg 623w, https:\/\/biosphere85.com\/wp-content\/uploads\/2020\/06\/debrouiss1-182x300.jpg 182w, https:\/\/biosphere85.com\/wp-content\/uploads\/2020\/06\/debrouiss1-768x1263.jpg 768w, https:\/\/biosphere85.com\/wp-content\/uploads\/2020\/06\/debrouiss1-934x1536.jpg 934w, https:\/\/biosphere85.com\/wp-content\/uploads\/2020\/06\/debrouiss1-940x1546.jpg 940w, https:\/\/biosphere85.com\/wp-content\/uploads\/2020\/06\/debrouiss1-500x822.jpg 500w, https:\/\/biosphere85.com\/wp-content\/uploads\/2020\/06\/debrouiss1.jpg 1080w\" sizes=\"(max-width: 623px) 100vw, 623px\" \/><figcaption class=\"blocks-gallery-item__caption\">D\u00e9broussaillage<\/figcaption><\/figure><\/li><li class=\"blocks-gallery-item\"><figure><img loading=\"lazy\" decoding=\"async\" width=\"1024\" height=\"701\" src=\"http:\/\/biosphere85.com\/wp-content\/uploads\/2020\/08\/entretien6-1024x701.jpg\" alt=\"\" data-id=\"282\" data-full-url=\"http:\/\/biosphere85.com\/wp-content\/uploads\/2020\/08\/entretien6.jpg\" data-link=\"http:\/\/biosphere85.com\/index.php\/entretiens\/entretien6\/\" class=\"wp-image-282\" srcset=\"https:\/\/biosphere85.com\/wp-content\/uploads\/2020\/08\/entretien6-1024x701.jpg 1024w, https:\/\/biosphere85.com\/wp-content\/uploads\/2020\/08\/entretien6-300x205.jpg 300w, https:\/\/biosphere85.com\/wp-content\/uploads\/2020\/08\/entretien6-768x525.jpg 768w, https:\/\/biosphere85.com\/wp-content\/uploads\/2020\/08\/entretien6-1536x1051.jpg 1536w, https:\/\/biosphere85.com\/wp-content\/uploads\/2020\/08\/entretien6-940x643.jpg 940w, https:\/\/biosphere85.com\/wp-content\/uploads\/2020\/08\/entretien6-500x342.jpg 500w, https:\/\/biosphere85.com\/wp-content\/uploads\/2020\/08\/entretien6.jpg 2048w\" sizes=\"(max-width: 1024px) 100vw, 1024px\" \/><figcaption class=\"blocks-gallery-item__caption\">Elagage<\/figcaption><\/figure><\/li><li class=\"blocks-gallery-item\"><figure><img loading=\"lazy\" decoding=\"async\" width=\"577\" height=\"1024\" src=\"http:\/\/biosphere85.com\/wp-content\/uploads\/2020\/06\/mise-en-situation3-577x1024.jpg\" alt=\"\" data-id=\"171\" data-link=\"http:\/\/biosphere85.com\/mise-en-situation3\/\" class=\"wp-image-171\" srcset=\"https:\/\/biosphere85.com\/wp-content\/uploads\/2020\/06\/mise-en-situation3-577x1024.jpg 577w, https:\/\/biosphere85.com\/wp-content\/uploads\/2020\/06\/mise-en-situation3-169x300.jpg 169w, https:\/\/biosphere85.com\/wp-content\/uploads\/2020\/06\/mise-en-situation3-500x888.jpg 500w, https:\/\/biosphere85.com\/wp-content\/uploads\/2020\/06\/mise-en-situation3.jpg 640w\" sizes=\"(max-width: 577px) 100vw, 577px\" \/><figcaption class=\"blocks-gallery-item__caption\">Taille sp\u00e9cifique ( olivier, agrumes, fruitiers&#8230;)<\/figcaption><\/figure><\/li><li class=\"blocks-gallery-item\"><figure><img loading=\"lazy\" decoding=\"async\" width=\"1024\" height=\"768\" src=\"http:\/\/biosphere85.com\/wp-content\/uploads\/2020\/06\/IMG_7139-1024x768.jpg\" alt=\"\" data-id=\"166\" data-link=\"http:\/\/biosphere85.com\/img_7139\/\" class=\"wp-image-166\" srcset=\"https:\/\/biosphere85.com\/wp-content\/uploads\/2020\/06\/IMG_7139-1024x768.jpg 1024w, https:\/\/biosphere85.com\/wp-content\/uploads\/2020\/06\/IMG_7139-300x225.jpg 300w, https:\/\/biosphere85.com\/wp-content\/uploads\/2020\/06\/IMG_7139-768x576.jpg 768w, https:\/\/biosphere85.com\/wp-content\/uploads\/2020\/06\/IMG_7139-1536x1152.jpg 1536w, https:\/\/biosphere85.com\/wp-content\/uploads\/2020\/06\/IMG_7139-2048x1536.jpg 2048w, https:\/\/biosphere85.com\/wp-content\/uploads\/2020\/06\/IMG_7139-940x705.jpg 940w, https:\/\/biosphere85.com\/wp-content\/uploads\/2020\/06\/IMG_7139-500x375.jpg 500w\" sizes=\"(max-width: 1024px) 100vw, 1024px\" \/><figcaption class=\"blocks-gallery-item__caption\">Taille<\/figcaption><\/figure><\/li><li class=\"blocks-gallery-item\"><figure><img loading=\"lazy\" decoding=\"async\" width=\"960\" height=\"720\" src=\"http:\/\/biosphere85.com\/wp-content\/uploads\/2020\/08\/entretien5.jpg\" alt=\"\" data-id=\"279\" data-link=\"http:\/\/biosphere85.com\/index.php\/entretiens\/entretien5\/\" class=\"wp-image-279\" srcset=\"https:\/\/biosphere85.com\/wp-content\/uploads\/2020\/08\/entretien5.jpg 960w, https:\/\/biosphere85.com\/wp-content\/uploads\/2020\/08\/entretien5-300x225.jpg 300w, https:\/\/biosphere85.com\/wp-content\/uploads\/2020\/08\/entretien5-768x576.jpg 768w, https:\/\/biosphere85.com\/wp-content\/uploads\/2020\/08\/entretien5-940x705.jpg 940w, https:\/\/biosphere85.com\/wp-content\/uploads\/2020\/08\/entretien5-500x375.jpg 500w\" sizes=\"(max-width: 960px) 100vw, 960px\" \/><figcaption class=\"blocks-gallery-item__caption\">Tonte<\/figcaption><\/figure><\/li><\/ul><\/figure>\n<\/div><\/div>\n\n\n","protected":false},"excerpt":{"rendered":"<p>Nous proposons diff\u00e9rentes prestations. N&rsquo;h\u00e9sitez pas \u00e0 prendre contact par t\u00e9l\u00e9phone ou directement via la page de contact ( en joignant des photos si possible)&#8230;<\/p>\n","protected":false},"author":1,"featured_media":0,"parent":0,"menu_order":0,"comment_status":"closed","ping_status":"closed","template":"","meta":{"footnotes":""},"class_list":["post-62","page","type-page","status-publish","hentry"],"yoast_head":"<!-- This site is optimized with the Yoast SEO plugin v23.4 - https:\/\/yoast.com\/wordpress\/plugins\/seo\/ -->\n<title>Entretiens - Biosph\u00e8re85<\/title>\n<meta name=\"robots\" content=\"index, follow, max-snippet:-1, max-image-preview:large, max-video-preview:-1\" \/>\n<link rel=\"canonical\" href=\"https:\/\/biosphere85.com\/index.php\/entretiens\/\" \/>\n<meta property=\"og:locale\" content=\"fr_FR\" \/>\n<meta property=\"og:type\" content=\"article\" \/>\n<meta property=\"og:title\" content=\"Entretiens - Biosph\u00e8re85\" \/>\n<meta property=\"og:description\" content=\"Nous proposons diff\u00e9rentes prestations. N&rsquo;h\u00e9sitez pas \u00e0 prendre contact par t\u00e9l\u00e9phone ou directement via la page de contact ( en joignant des photos si possible)...\" \/>\n<meta property=\"og:url\" content=\"https:\/\/biosphere85.com\/index.php\/entretiens\/\" \/>\n<meta property=\"og:site_name\" content=\"Biosph\u00e8re85\" \/>\n<meta property=\"article:publisher\" content=\"https:\/\/www.facebook.com\/groups\/1144127662348049\/\" \/>\n<meta property=\"article:modified_time\" content=\"2020-09-04T22:37:36+00:00\" \/>\n<meta property=\"og:image\" content=\"http:\/\/biosphere85.com\/wp-content\/uploads\/2020\/06\/debrouiss1-623x1024.jpg\" \/>\n<meta name=\"twitter:card\" content=\"summary_large_image\" \/>\n<script type=\"application\/ld+json\" class=\"yoast-schema-graph\">{\"@context\":\"https:\/\/schema.org\",\"@graph\":[{\"@type\":\"WebPage\",\"@id\":\"https:\/\/biosphere85.com\/index.php\/entretiens\/\",\"url\":\"https:\/\/biosphere85.com\/index.php\/entretiens\/\",\"name\":\"Entretiens - Biosph\u00e8re85\",\"isPartOf\":{\"@id\":\"https:\/\/biosphere85.com\/#website\"},\"primaryImageOfPage\":{\"@id\":\"https:\/\/biosphere85.com\/index.php\/entretiens\/#primaryimage\"},\"image\":{\"@id\":\"https:\/\/biosphere85.com\/index.php\/entretiens\/#primaryimage\"},\"thumbnailUrl\":\"http:\/\/biosphere85.com\/wp-content\/uploads\/2020\/06\/debrouiss1-623x1024.jpg\",\"datePublished\":\"2020-03-08T12:44:27+00:00\",\"dateModified\":\"2020-09-04T22:37:36+00:00\",\"breadcrumb\":{\"@id\":\"https:\/\/biosphere85.com\/index.php\/entretiens\/#breadcrumb\"},\"inLanguage\":\"fr-FR\",\"potentialAction\":[{\"@type\":\"ReadAction\",\"target\":[\"https:\/\/biosphere85.com\/index.php\/entretiens\/\"]}]},{\"@type\":\"ImageObject\",\"inLanguage\":\"fr-FR\",\"@id\":\"https:\/\/biosphere85.com\/index.php\/entretiens\/#primaryimage\",\"url\":\"https:\/\/biosphere85.com\/wp-content\/uploads\/2020\/06\/debrouiss1.jpg\",\"contentUrl\":\"https:\/\/biosphere85.com\/wp-content\/uploads\/2020\/06\/debrouiss1.jpg\",\"width\":1080,\"height\":1776,\"caption\":\"D\u00e9brouissaillage\"},{\"@type\":\"BreadcrumbList\",\"@id\":\"https:\/\/biosphere85.com\/index.php\/entretiens\/#breadcrumb\",\"itemListElement\":[{\"@type\":\"ListItem\",\"position\":1,\"name\":\"Accueil\",\"item\":\"https:\/\/biosphere85.com\/\"},{\"@type\":\"ListItem\",\"position\":2,\"name\":\"Entretiens\"}]},{\"@type\":\"WebSite\",\"@id\":\"https:\/\/biosphere85.com\/#website\",\"url\":\"https:\/\/biosphere85.com\/\",\"name\":\"Biosph\u00e8re85\",\"description\":\"Votre Paysagiste de Vend\u00e9e\",\"potentialAction\":[{\"@type\":\"SearchAction\",\"target\":{\"@type\":\"EntryPoint\",\"urlTemplate\":\"https:\/\/biosphere85.com\/?s={search_term_string}\"},\"query-input\":{\"@type\":\"PropertyValueSpecification\",\"valueRequired\":true,\"valueName\":\"search_term_string\"}}],\"inLanguage\":\"fr-FR\"}]}<\/script>\n<!-- \/ Yoast SEO plugin. -->","yoast_head_json":{"title":"Entretiens - Biosph\u00e8re85","robots":{"index":"index","follow":"follow","max-snippet":"max-snippet:-1","max-image-preview":"max-image-preview:large","max-video-preview":"max-video-preview:-1"},"canonical":"https:\/\/biosphere85.com\/index.php\/entretiens\/","og_locale":"fr_FR","og_type":"article","og_title":"Entretiens - Biosph\u00e8re85","og_description":"Nous proposons diff\u00e9rentes prestations. N&rsquo;h\u00e9sitez pas \u00e0 prendre contact par t\u00e9l\u00e9phone ou directement via la page de contact ( en joignant des photos si possible)...","og_url":"https:\/\/biosphere85.com\/index.php\/entretiens\/","og_site_name":"Biosph\u00e8re85","article_publisher":"https:\/\/www.facebook.com\/groups\/1144127662348049\/","article_modified_time":"2020-09-04T22:37:36+00:00","og_image":[{"url":"http:\/\/biosphere85.com\/wp-content\/uploads\/2020\/06\/debrouiss1-623x1024.jpg"}],"twitter_card":"summary_large_image","schema":{"@context":"https:\/\/schema.org","@graph":[{"@type":"WebPage","@id":"https:\/\/biosphere85.com\/index.php\/entretiens\/","url":"https:\/\/biosphere85.com\/index.php\/entretiens\/","name":"Entretiens - Biosph\u00e8re85","isPartOf":{"@id":"https:\/\/biosphere85.com\/#website"},"primaryImageOfPage":{"@id":"https:\/\/biosphere85.com\/index.php\/entretiens\/#primaryimage"},"image":{"@id":"https:\/\/biosphere85.com\/index.php\/entretiens\/#primaryimage"},"thumbnailUrl":"http:\/\/biosphere85.com\/wp-content\/uploads\/2020\/06\/debrouiss1-623x1024.jpg","datePublished":"2020-03-08T12:44:27+00:00","dateModified":"2020-09-04T22:37:36+00:00","breadcrumb":{"@id":"https:\/\/biosphere85.com\/index.php\/entretiens\/#breadcrumb"},"inLanguage":"fr-FR","potentialAction":[{"@type":"ReadAction","target":["https:\/\/biosphere85.com\/index.php\/entretiens\/"]}]},{"@type":"ImageObject","inLanguage":"fr-FR","@id":"https:\/\/biosphere85.com\/index.php\/entretiens\/#primaryimage","url":"https:\/\/biosphere85.com\/wp-content\/uploads\/2020\/06\/debrouiss1.jpg","contentUrl":"https:\/\/biosphere85.com\/wp-content\/uploads\/2020\/06\/debrouiss1.jpg","width":1080,"height":1776,"caption":"D\u00e9brouissaillage"},{"@type":"BreadcrumbList","@id":"https:\/\/biosphere85.com\/index.php\/entretiens\/#breadcrumb","itemListElement":[{"@type":"ListItem","position":1,"name":"Accueil","item":"https:\/\/biosphere85.com\/"},{"@type":"ListItem","position":2,"name":"Entretiens"}]},{"@type":"WebSite","@id":"https:\/\/biosphere85.com\/#website","url":"https:\/\/biosphere85.com\/","name":"Biosph\u00e8re85","description":"Votre Paysagiste de Vend\u00e9e","potentialAction":[{"@type":"SearchAction","target":{"@type":"EntryPoint","urlTemplate":"https:\/\/biosphere85.com\/?s={search_term_string}"},"query-input":{"@type":"PropertyValueSpecification","valueRequired":true,"valueName":"search_term_string"}}],"inLanguage":"fr-FR"}]}},"jetpack_sharing_enabled":true,"_links":{"self":[{"href":"https:\/\/biosphere85.com\/index.php\/wp-json\/wp\/v2\/pages\/62"}],"collection":[{"href":"https:\/\/biosphere85.com\/index.php\/wp-json\/wp\/v2\/pages"}],"about":[{"href":"https:\/\/biosphere85.com\/index.php\/wp-json\/wp\/v2\/types\/page"}],"author":[{"embeddable":true,"href":"https:\/\/biosphere85.com\/index.php\/wp-json\/wp\/v2\/users\/1"}],"replies":[{"embeddable":true,"href":"https:\/\/biosphere85.com\/index.php\/wp-json\/wp\/v2\/comments?post=62"}],"version-history":[{"count":11,"href":"https:\/\/biosphere85.com\/index.php\/wp-json\/wp\/v2\/pages\/62\/revisions"}],"predecessor-version":[{"id":394,"href":"https:\/\/biosphere85.com\/index.php\/wp-json\/wp\/v2\/pages\/62\/revisions\/394"}],"wp:attachment":[{"href":"https:\/\/biosphere85.com\/index.php\/wp-json\/wp\/v2\/media?parent=62"}],"curies":[{"name":"wp","href":"https:\/\/api.w.org\/{rel}","templated":true}]}}